{"id":902,"date":"2024-08-20T16:03:22","date_gmt":"2024-08-20T14:03:22","guid":{"rendered":"https:\/\/dev.kerstinritter-knits.de\/?post_type=product&#038;p=902"},"modified":"2025-12-06T10:16:27","modified_gmt":"2025-12-06T09:16:27","slug":"mala-lava-tigerauge-8-mm-perlen-mit-goldenem-lebensbaum","status":"publish","type":"product","link":"https:\/\/kerstinritter-knits.de\/en\/product\/mala-lava-tigerauge-8-mm-perlen-mit-goldenem-lebensbaum\/","title":{"rendered":"Mala \u201cLAVA + TIGERAUGE\u201d"},"content":{"rendered":"<div id=\"content-toggle-product-details-read-more\" class=\"wt-content-toggle__body wt-content-toggle__body--truncated wt-content-toggle__body--truncated-02\" aria-hidden=\"false\">\n<p class=\"wt-text-body-01 wt-break-word\" data-product-details-description-text-content=\"\">Mala mit 6oder 8mm gro\u00dfen LAVA und TIGERAUGE Perlen und 18k vergoldeten Lebensbaum als Abschluss.<\/p>\n<p class=\"wt-text-body-01 wt-break-word\" data-product-details-description-text-content=\"\">Diese Mala wird von mir auf einer schwarzen Schnur geknotet.<\/p>\n<p class=\"wt-text-body-01 wt-break-word\" data-product-details-description-text-content=\"\">Gesamtl\u00e4nge der Kette 54 cm.<\/p>\n<p>Passende Armb\u00e4nder gibt es auch in diesem Shop.<\/p>\n<p>Zur LAVA Perle: Der Lavastein kann Energie vermitteln und den gesamten Organismus st\u00e4rken. Der Lavastein entsteht aus dem flie\u00dfenden Magma aus der Mitte unserer Erde und hat schon seit Urzeiten eine gro\u00dfe spirituelle Bedeutung f\u00fcr uns Menschen. Er verbindet uns mit der Erde und z\u00e4hlt als Bindeglied zwischen dem Element Feuer und Erde. Als Schutzstein bietet Lava eine starke energetische Barriere gegen negative Einfl\u00fcsse und unerw\u00fcnschte Energien. Sie st\u00e4rkt das pers\u00f6nliche Energiefeld und hilft, sich vor emotionalen Belastungen zu sch\u00fctzen.<\/p>\n<\/div>\n<p>Zur TIGERAUGE Perle: Einfach ausgedr\u00fcckt, bedeutet der Tigerauge-Stein Mut, St\u00e4rke, Vitalit\u00e4t und Kraft. Die Bedeutung ist \u00e4hnlich wie die eines gro\u00dfen Tigers in der Wildnis. Das Tragen dieses Steins kann dabei helfen, schlechte Energie zu blockieren und deine innere Kraft zu steigern. \u00a0Durch die Assoziation zum Auge eines Tigers wurde der Stein als Gl\u00fccksstein f\u00fcr Sehkraft betrachtet.<\/p>","protected":false},"excerpt":{"rendered":"<p>Mala mit 6oder 8mm gro\u00dfen LAVA und TIGERAUGE Perlen und 18k vergoldeten Lebensbaum als Abschluss. Diese Mala wird von mir auf einer schwarzen Schnur geknotet. Gesamtl\u00e4nge der Kette 54 cm. Passende Armb\u00e4nder gibt es auch in diesem Shop. Zur LAVA Perle: Der Lavastein kann Energie vermitteln und den gesamten Organismus st\u00e4rken. Der Lavastein entsteht aus dem flie\u00dfenden Magma aus der Mitte unserer Erde und hat schon seit Urzeiten eine gro\u00dfe spirituelle Bedeutung f\u00fcr uns Menschen. Er verbindet uns mit der Erde und z\u00e4hlt als Bindeglied zwischen dem Element Feuer und Erde. Als Schutzstein bietet Lava eine starke energetische Barriere gegen negative Einfl\u00fcsse und unerw\u00fcnschte Energien. Sie st\u00e4rkt das pers\u00f6nliche Energiefeld und hilft, sich vor emotionalen Belastungen zu sch\u00fctzen. Zur TIGERAUGE Perle: Einfach ausgedr\u00fcckt, bedeutet der Tigerauge-Stein Mut, St\u00e4rke, Vitalit\u00e4t und Kraft. Die Bedeutung ist \u00e4hnlich wie die eines gro\u00dfen Tigers in der Wildnis. Das Tragen dieses Steins kann dabei helfen, schlechte Energie zu blockieren und deine innere Kraft zu steigern. \u00a0Durch die Assoziation zum Auge eines Tigers wurde der Stein als Gl\u00fccksstein f\u00fcr Sehkraft betrachtet.<\/p>","protected":false},"featured_media":901,"comment_status":"open","ping_status":"closed","template":"","meta":{"_acf_changed":false},"product_brand":[],"product_cat":[78,75],"product_tag":[],"class_list":{"0":"post-902","1":"product","2":"type-product","3":"status-publish","4":"has-post-thumbnail","6":"product_cat-malas","7":"product_cat-schmuck","8":"product_shipping_class-malas","10":"first","11":"instock","12":"sold-individually","13":"taxable","14":"shipping-taxable","15":"purchasable","16":"product-type-variable"},"acf":[],"_links":{"self":[{"href":"https:\/\/kerstinritter-knits.de\/en\/wp-json\/wp\/v2\/product\/902","targetHints":{"allow":["GET"]}}],"collection":[{"href":"https:\/\/kerstinritter-knits.de\/en\/wp-json\/wp\/v2\/product"}],"about":[{"href":"https:\/\/kerstinritter-knits.de\/en\/wp-json\/wp\/v2\/types\/product"}],"replies":[{"embeddable":true,"href":"https:\/\/kerstinritter-knits.de\/en\/wp-json\/wp\/v2\/comments?post=902"}],"wp:featuredmedia":[{"embeddable":true,"href":"https:\/\/kerstinritter-knits.de\/en\/wp-json\/wp\/v2\/media\/901"}],"wp:attachment":[{"href":"https:\/\/kerstinritter-knits.de\/en\/wp-json\/wp\/v2\/media?parent=902"}],"wp:term":[{"taxonomy":"product_brand","embeddable":true,"href":"https:\/\/kerstinritter-knits.de\/en\/wp-json\/wp\/v2\/product_brand?post=902"},{"taxonomy":"product_cat","embeddable":true,"href":"https:\/\/kerstinritter-knits.de\/en\/wp-json\/wp\/v2\/product_cat?post=902"},{"taxonomy":"product_tag","embeddable":true,"href":"https:\/\/kerstinritter-knits.de\/en\/wp-json\/wp\/v2\/product_tag?post=902"}],"curies":[{"name":"wp","href":"https:\/\/api.w.org\/{rel}","templated":true}]}}