{"id":9197,"date":"2025-12-02T16:28:33","date_gmt":"2025-12-02T15:28:33","guid":{"rendered":"https:\/\/kerstinritter-knits.de\/?post_type=product&#038;p=9197"},"modified":"2025-12-06T11:53:03","modified_gmt":"2025-12-06T10:53:03","slug":"mala-lapislazuli-rosenquarz-6-mm","status":"publish","type":"product","link":"https:\/\/kerstinritter-knits.de\/en\/product\/mala-lapislazuli-rosenquarz-6-mm\/","title":{"rendered":"Mala LAPISLAZULI &#8211; ROSENQUARZ 6 mm"},"content":{"rendered":"<p>Diese einzigartige Mala besteht aus 6mm runden Lapislazuli und Rosenquarz Perlen. Au\u00dferdem\u00a0 noch 3 facettierte 8mm Lapislazuli Perlen als Besonderheit. Sie wird von mir auf einer blauen Seidenschnur geknotet.<\/p>\n<p>Der Abschluss bildet eine 12mm gro\u00dfe Lapislazuli Perle.<\/p>\n<div id=\"content-toggle-product-details-read-more\" class=\"wt-content-toggle__body wt-content-toggle__body--truncated wt-content-toggle__body--truncated-02\" aria-hidden=\"false\">\n<p>Gesamtl\u00e4nge der Kette ca. 45 cm.<\/p>\n<p>Jede Mala ist ein Unikat!<\/p>\n<p>Sie wird in einem wundersch\u00f6nen Samtbeutel f\u00fcr euch verschickt!<\/p>\n<\/div>\n<p>Zur LAPISLAZULI Perle: Der blaue Stein kann Hauterkrankungen vorbeugen und soll bei Bluthochdruck helfen. Unter anderem soll der Stein auch psychische Wirkungen auf den Menschen haben. Er verleiht dem Tr\u00e4ger einen gesteigerten Optimismus und kann somit bei Depressionen, \u00c4ngsten und Blockaden unterst\u00fctzen.<\/p>\n<p>Zur ROSENQUARZ Perle: Man sagt dem Rosenquarz nach, Liebe und Freundschaft positiv beeinflussen zu k\u00f6nnen und gilt als der Stein f\u00fcr Selbstliebe. Der Edelstein kann auch helfen, seelische Wunden zu lindern. K\u00f6rperlich kann der Rosenquarz Brust, Eierst\u00f6cke, Geb\u00e4rmutter und Hoden sch\u00fctzen.<\/p>","protected":false},"excerpt":{"rendered":"<p>Diese einzigartige Mala besteht aus 6mm runden Lapislazuli und Rosenquarz Perlen. Au\u00dferdem\u00a0 noch 3 facettierte 8mm Lapislazuli Perlen als Besonderheit. Sie wird von mir auf einer blauen Seidenschnur geknotet. Der Abschluss bildet eine 12mm gro\u00dfe Lapislazuli Perle. Gesamtl\u00e4nge der Kette ca. 45 cm. Jede Mala ist ein Unikat! Sie wird in einem wundersch\u00f6nen Samtbeutel f\u00fcr euch verschickt! Zur LAPISLAZULI Perle: Der blaue Stein kann Hauterkrankungen vorbeugen und soll bei Bluthochdruck helfen. Unter anderem soll der Stein auch psychische Wirkungen auf den Menschen haben. Er verleiht dem Tr\u00e4ger einen gesteigerten Optimismus und kann somit bei Depressionen, \u00c4ngsten und Blockaden unterst\u00fctzen. Zur ROSENQUARZ Perle: Man sagt dem Rosenquarz nach, Liebe und Freundschaft positiv beeinflussen zu k\u00f6nnen und gilt als der Stein f\u00fcr Selbstliebe. Der Edelstein kann auch helfen, seelische Wunden zu lindern. K\u00f6rperlich kann der Rosenquarz Brust, Eierst\u00f6cke, Geb\u00e4rmutter und Hoden sch\u00fctzen.<\/p>","protected":false},"featured_media":9178,"comment_status":"open","ping_status":"closed","template":"","meta":{"_acf_changed":false},"product_brand":[],"product_cat":[78,75],"product_tag":[],"class_list":{"0":"post-9197","1":"product","2":"type-product","3":"status-publish","4":"has-post-thumbnail","6":"product_cat-malas","7":"product_cat-schmuck","8":"product_shipping_class-malas","10":"first","11":"instock","12":"sold-individually","13":"taxable","14":"shipping-taxable","15":"purchasable","16":"product-type-simple"},"acf":[],"_links":{"self":[{"href":"https:\/\/kerstinritter-knits.de\/en\/wp-json\/wp\/v2\/product\/9197","targetHints":{"allow":["GET"]}}],"collection":[{"href":"https:\/\/kerstinritter-knits.de\/en\/wp-json\/wp\/v2\/product"}],"about":[{"href":"https:\/\/kerstinritter-knits.de\/en\/wp-json\/wp\/v2\/types\/product"}],"replies":[{"embeddable":true,"href":"https:\/\/kerstinritter-knits.de\/en\/wp-json\/wp\/v2\/comments?post=9197"}],"wp:featuredmedia":[{"embeddable":true,"href":"https:\/\/kerstinritter-knits.de\/en\/wp-json\/wp\/v2\/media\/9178"}],"wp:attachment":[{"href":"https:\/\/kerstinritter-knits.de\/en\/wp-json\/wp\/v2\/media?parent=9197"}],"wp:term":[{"taxonomy":"product_brand","embeddable":true,"href":"https:\/\/kerstinritter-knits.de\/en\/wp-json\/wp\/v2\/product_brand?post=9197"},{"taxonomy":"product_cat","embeddable":true,"href":"https:\/\/kerstinritter-knits.de\/en\/wp-json\/wp\/v2\/product_cat?post=9197"},{"taxonomy":"product_tag","embeddable":true,"href":"https:\/\/kerstinritter-knits.de\/en\/wp-json\/wp\/v2\/product_tag?post=9197"}],"curies":[{"name":"wp","href":"https:\/\/api.w.org\/{rel}","templated":true}]}}