{"id":9210,"date":"2025-12-02T20:53:04","date_gmt":"2025-12-02T19:53:04","guid":{"rendered":"https:\/\/kerstinritter-knits.de\/?post_type=product&#038;p=9210"},"modified":"2025-12-06T11:37:27","modified_gmt":"2025-12-06T10:37:27","slug":"mala-rosenquarz-jade-pink-orange","status":"publish","type":"product","link":"https:\/\/kerstinritter-knits.de\/en\/product\/mala-rosenquarz-jade-pink-orange\/","title":{"rendered":"Mala ROSENQUARZ &#8211; JADE pink\/orange"},"content":{"rendered":"<p>Diese Mala wird von mir auf einer rosa Seidenschnur geknotet.<\/p>\n<p>diese wundersch\u00f6ne Mala besteht aus 8 mm gro\u00dfen Rosenquarz und einigen Jade\/pink Perlen mit einer gr\u00f6\u00dferden Jade-Perle als Abschluss.<\/p>\n<div id=\"content-toggle-product-details-read-more\" class=\"wt-content-toggle__body wt-content-toggle__body--truncated wt-content-toggle__body--truncated-02\" aria-hidden=\"false\">\n<p>Gesamtl\u00e4nge der Kette ca. 55 cm.<\/p>\n<p>Jede Mala ist ein Unikat!<\/p>\n<p>Sie wird in einem wundersch\u00f6nen Samtbeutel f\u00fcr euch verschickt!<\/p>\n<\/div>\n<p>Zur JADE pink\/orange Perle: Jade wird eine starke Wirkung auf Gef\u00fchle und Liebe nachgesagt, w\u00e4hrend Orange die Lebensfreude, Energie und Kreatvit\u00e4t anregen soll. In Kombination k\u00f6nnen diese Farben zu innerer Balance und positiver Ausstrahlung\u00a0f\u00fchren, Stress reduzieren und dabei helfen, Freundschaften und Beziehungen zu st\u00e4rken.<span class=\"uJ19be notranslate\" data-wiz-uids=\"ycVtze_f,ycVtze_g,ycVtze_h\" data-processed=\"true\"><span class=\"vKEkVd\" data-animation-atomic=\"\" data-processed=\"true\">\u00a0<\/span><\/span><\/p>\n<p>Zur ROSENQUARZ Perle: Man sagt dem Rosenquarz nach, Liebe und Freundschaft positiv beeinflussen zu k\u00f6nnen und gilt als der Stein f\u00fcr Selbstliebe. Der Edelstein kann auch helfen, seelische Wunden zu lindern. K\u00f6rperlich kann der Rosenquarz Brust, Eierst\u00f6cke, Geb\u00e4rmutter und Hoden sch\u00fctzen.<\/p>","protected":false},"excerpt":{"rendered":"<p>Diese Mala wird von mir auf einer rosa Seidenschnur geknotet. diese wundersch\u00f6ne Mala besteht aus 8 mm gro\u00dfen Rosenquarz und einigen Jade\/pink Perlen mit einer gr\u00f6\u00dferden Jade-Perle als Abschluss. Gesamtl\u00e4nge der Kette ca. 55 cm. Jede Mala ist ein Unikat! Sie wird in einem wundersch\u00f6nen Samtbeutel f\u00fcr euch verschickt! Zur JADE pink\/orange Perle: Jade wird eine starke Wirkung auf Gef\u00fchle und Liebe nachgesagt, w\u00e4hrend Orange die Lebensfreude, Energie und Kreatvit\u00e4t anregen soll. In Kombination k\u00f6nnen diese Farben zu innerer Balance und positiver Ausstrahlung\u00a0f\u00fchren, Stress reduzieren und dabei helfen, Freundschaften und Beziehungen zu st\u00e4rken.\u00a0 Zur ROSENQUARZ Perle: Man sagt dem Rosenquarz nach, Liebe und Freundschaft positiv beeinflussen zu k\u00f6nnen und gilt als der Stein f\u00fcr Selbstliebe. Der Edelstein kann auch helfen, seelische Wunden zu lindern. K\u00f6rperlich kann der Rosenquarz Brust, Eierst\u00f6cke, Geb\u00e4rmutter und Hoden sch\u00fctzen.<\/p>","protected":false},"featured_media":9046,"comment_status":"open","ping_status":"closed","template":"","meta":{"_acf_changed":false},"product_brand":[],"product_cat":[78,75],"product_tag":[],"class_list":{"0":"post-9210","1":"product","2":"type-product","3":"status-publish","4":"has-post-thumbnail","6":"product_cat-malas","7":"product_cat-schmuck","8":"product_shipping_class-malas","10":"first","11":"instock","12":"sold-individually","13":"taxable","14":"shipping-taxable","15":"purchasable","16":"product-type-simple"},"acf":[],"_links":{"self":[{"href":"https:\/\/kerstinritter-knits.de\/en\/wp-json\/wp\/v2\/product\/9210","targetHints":{"allow":["GET"]}}],"collection":[{"href":"https:\/\/kerstinritter-knits.de\/en\/wp-json\/wp\/v2\/product"}],"about":[{"href":"https:\/\/kerstinritter-knits.de\/en\/wp-json\/wp\/v2\/types\/product"}],"replies":[{"embeddable":true,"href":"https:\/\/kerstinritter-knits.de\/en\/wp-json\/wp\/v2\/comments?post=9210"}],"wp:featuredmedia":[{"embeddable":true,"href":"https:\/\/kerstinritter-knits.de\/en\/wp-json\/wp\/v2\/media\/9046"}],"wp:attachment":[{"href":"https:\/\/kerstinritter-knits.de\/en\/wp-json\/wp\/v2\/media?parent=9210"}],"wp:term":[{"taxonomy":"product_brand","embeddable":true,"href":"https:\/\/kerstinritter-knits.de\/en\/wp-json\/wp\/v2\/product_brand?post=9210"},{"taxonomy":"product_cat","embeddable":true,"href":"https:\/\/kerstinritter-knits.de\/en\/wp-json\/wp\/v2\/product_cat?post=9210"},{"taxonomy":"product_tag","embeddable":true,"href":"https:\/\/kerstinritter-knits.de\/en\/wp-json\/wp\/v2\/product_tag?post=9210"}],"curies":[{"name":"wp","href":"https:\/\/api.w.org\/{rel}","templated":true}]}}