{"id":9219,"date":"2025-12-04T10:07:25","date_gmt":"2025-12-04T09:07:25","guid":{"rendered":"https:\/\/kerstinritter-knits.de\/?post_type=product&#038;p=9219"},"modified":"2025-12-06T10:52:37","modified_gmt":"2025-12-06T09:52:37","slug":"mala-rauchquarz-rosenquarz-8-mm","status":"publish","type":"product","link":"https:\/\/kerstinritter-knits.de\/en\/product\/mala-rauchquarz-rosenquarz-8-mm\/","title":{"rendered":"Mala RAUCHQUARZ &#8211; ROSENQUARZ 8 mm"},"content":{"rendered":"<p>Diese Mala wird von mir auf einer braunen Seidenschnur geknotet.<\/p>\n<p>8 mm gro\u00dfe Perlen aus Rauchquarz und Rosenquarz mit einer silbernen Schnecke als Abschlu\u00df<\/p>\n<div id=\"content-toggle-product-details-read-more\" class=\"wt-content-toggle__body wt-content-toggle__body--truncated wt-content-toggle__body--truncated-02\" aria-hidden=\"false\">\n<p>Gesamtl\u00e4nge der Kette ca. 52 cm.<\/p>\n<p>Jede Mala ist ein Unikat!<\/p>\n<p>Sie wird in einem wundersch\u00f6nen Samtbeutel f\u00fcr euch verschickt!<\/p>\n<\/div>\n<p>Zur RAUCHQUARZ Perle: Der Rauchquarz soll dazu beitragen Stress abzubauen und Blockaden zu l\u00f6sen. Im gleichen Zuge soll er vor neuem Stress und Blockaden bewahren. Er verschafft Klarheit und Willenskraft und postivies Denken. Man sagt dem Rauchquarz auch nach, alte seelische Wunden heilen zu lassen. Somit ist er auch der perfekte Edelstein, um einen Neuanfang zu starten.<\/p>\n<p>Zur ROSENQUARZ Perle: Man sagt dem Rosenquarz nach, Liebe und Freundschaft positiv beeinflussen zu k\u00f6nnen und gilt als der Stein f\u00fcr Selbstliebe. Der Edelstein kann auch helfen, seelische Wunden zu lindern. K\u00f6rperlich kann der Rosenquarz Brust, Eierst\u00f6cke, Geb\u00e4rmutter und Hoden sch\u00fctzen.<\/p>","protected":false},"excerpt":{"rendered":"<p>Diese Mala wird von mir auf einer braunen Seidenschnur geknotet. 8 mm gro\u00dfe Perlen aus Rauchquarz und Rosenquarz mit einer silbernen Schnecke als Abschlu\u00df Gesamtl\u00e4nge der Kette ca. 52 cm. Jede Mala ist ein Unikat! Sie wird in einem wundersch\u00f6nen Samtbeutel f\u00fcr euch verschickt! Zur RAUCHQUARZ Perle: Der Rauchquarz soll dazu beitragen Stress abzubauen und Blockaden zu l\u00f6sen. Im gleichen Zuge soll er vor neuem Stress und Blockaden bewahren. Er verschafft Klarheit und Willenskraft und postivies Denken. Man sagt dem Rauchquarz auch nach, alte seelische Wunden heilen zu lassen. Somit ist er auch der perfekte Edelstein, um einen Neuanfang zu starten. Zur ROSENQUARZ Perle: Man sagt dem Rosenquarz nach, Liebe und Freundschaft positiv beeinflussen zu k\u00f6nnen und gilt als der Stein f\u00fcr Selbstliebe. Der Edelstein kann auch helfen, seelische Wunden zu lindern. K\u00f6rperlich kann der Rosenquarz Brust, Eierst\u00f6cke, Geb\u00e4rmutter und Hoden sch\u00fctzen.<\/p>","protected":false},"featured_media":9006,"comment_status":"open","ping_status":"closed","template":"","meta":{"_acf_changed":false},"product_brand":[],"product_cat":[78,75],"product_tag":[],"class_list":{"0":"post-9219","1":"product","2":"type-product","3":"status-publish","4":"has-post-thumbnail","6":"product_cat-malas","7":"product_cat-schmuck","8":"product_shipping_class-malas","10":"first","11":"instock","12":"sold-individually","13":"taxable","14":"shipping-taxable","15":"purchasable","16":"product-type-simple"},"acf":[],"_links":{"self":[{"href":"https:\/\/kerstinritter-knits.de\/en\/wp-json\/wp\/v2\/product\/9219","targetHints":{"allow":["GET"]}}],"collection":[{"href":"https:\/\/kerstinritter-knits.de\/en\/wp-json\/wp\/v2\/product"}],"about":[{"href":"https:\/\/kerstinritter-knits.de\/en\/wp-json\/wp\/v2\/types\/product"}],"replies":[{"embeddable":true,"href":"https:\/\/kerstinritter-knits.de\/en\/wp-json\/wp\/v2\/comments?post=9219"}],"wp:featuredmedia":[{"embeddable":true,"href":"https:\/\/kerstinritter-knits.de\/en\/wp-json\/wp\/v2\/media\/9006"}],"wp:attachment":[{"href":"https:\/\/kerstinritter-knits.de\/en\/wp-json\/wp\/v2\/media?parent=9219"}],"wp:term":[{"taxonomy":"product_brand","embeddable":true,"href":"https:\/\/kerstinritter-knits.de\/en\/wp-json\/wp\/v2\/product_brand?post=9219"},{"taxonomy":"product_cat","embeddable":true,"href":"https:\/\/kerstinritter-knits.de\/en\/wp-json\/wp\/v2\/product_cat?post=9219"},{"taxonomy":"product_tag","embeddable":true,"href":"https:\/\/kerstinritter-knits.de\/en\/wp-json\/wp\/v2\/product_tag?post=9219"}],"curies":[{"name":"wp","href":"https:\/\/api.w.org\/{rel}","templated":true}]}}