{"id":923,"date":"2024-08-20T16:16:25","date_gmt":"2024-08-20T14:16:25","guid":{"rendered":"https:\/\/dev.kerstinritter-knits.de\/?post_type=product&#038;p=923"},"modified":"2025-09-12T11:48:34","modified_gmt":"2025-09-12T09:48:34","slug":"mala-granat","status":"publish","type":"product","link":"https:\/\/kerstinritter-knits.de\/en\/product\/mala-granat\/","title":{"rendered":"Mala \u201cGRANAT&#8220;, verschiedene Ausf\u00fchrungen"},"content":{"rendered":"<div id=\"content-toggle-product-details-read-more\" class=\"wt-content-toggle__body wt-content-toggle__body--truncated wt-content-toggle__body--truncated-02\" aria-hidden=\"false\">\n<p class=\"wt-text-body-01 wt-break-word\" data-product-details-description-text-content=\"\">Mala mit 8mm oder 6mm gro\u00dfen runden GRANAT-Perlen und du hast verschiedene M\u00f6glichkeiten f\u00fcr einen Abschluss:<\/p>\n<p class=\"wt-text-body-01 wt-break-word\" data-product-details-description-text-content=\"\">Der Abschluss ist w\u00e4hlbar mit silberner ODER goldener 8mm gro\u00dfen Schnecke als Abschluss &#8211; oder vergoldetem Lebensbaum.<\/p>\n<p class=\"wt-text-body-01 wt-break-word\" data-product-details-description-text-content=\"\">Diese Mala wird von mir auf einer roten Schnur geknotet.<\/p>\n<p class=\"wt-text-body-01 wt-break-word\" data-product-details-description-text-content=\"\">Halskettenl\u00e4nge 47 &#8211; 53 cm<\/p>\n<p class=\"wt-text-body-01 wt-break-word\" data-product-details-description-text-content=\"\">Passende Armb\u00e4nder gibt es auch in diesem Shop.<\/p>\n<p>Weitere Alternativen k\u00f6nnen gerne auf Wunsch angefertigt werden. Bitte schreiben Sie uns diesbez\u00fcglich eine Nachricht.<\/p>\n<p>Zur GRANAT Perle: Der Granat ist der Stein der Transformation. Der Granat Wirkung wird Kreativit\u00e4t, positive Energie und h\u00f6heres Selbstbewusstsein nachgesagt. Gleichzeitig steht der f\u00fcr Ehrlichkeit und Klarheit.<\/p>\n<\/div>","protected":false},"excerpt":{"rendered":"<p>Mala mit 8mm oder 6mm gro\u00dfen runden GRANAT-Perlen und du hast verschiedene M\u00f6glichkeiten f\u00fcr einen Abschluss: Der Abschluss ist w\u00e4hlbar mit silberner ODER goldener 8mm gro\u00dfen Schnecke als Abschluss &#8211; oder vergoldetem Lebensbaum. Diese Mala wird von mir auf einer roten Schnur geknotet. Halskettenl\u00e4nge 47 &#8211; 53 cm Passende Armb\u00e4nder gibt es auch in diesem Shop. Weitere Alternativen k\u00f6nnen gerne auf Wunsch angefertigt werden. Bitte schreiben Sie uns diesbez\u00fcglich eine Nachricht. Zur GRANAT Perle: Der Granat ist der Stein der Transformation. Der Granat Wirkung wird Kreativit\u00e4t, positive Energie und h\u00f6heres Selbstbewusstsein nachgesagt. Gleichzeitig steht der f\u00fcr Ehrlichkeit und Klarheit.<\/p>","protected":false},"featured_media":916,"comment_status":"open","ping_status":"closed","template":"","meta":{"_acf_changed":false},"product_brand":[],"product_cat":[78,75],"product_tag":[],"class_list":{"0":"post-923","1":"product","2":"type-product","3":"status-publish","4":"has-post-thumbnail","6":"product_cat-malas","7":"product_cat-schmuck","8":"product_shipping_class-malas","10":"first","11":"instock","12":"taxable","13":"shipping-taxable","14":"purchasable","15":"product-type-variable"},"acf":[],"_links":{"self":[{"href":"https:\/\/kerstinritter-knits.de\/en\/wp-json\/wp\/v2\/product\/923","targetHints":{"allow":["GET"]}}],"collection":[{"href":"https:\/\/kerstinritter-knits.de\/en\/wp-json\/wp\/v2\/product"}],"about":[{"href":"https:\/\/kerstinritter-knits.de\/en\/wp-json\/wp\/v2\/types\/product"}],"replies":[{"embeddable":true,"href":"https:\/\/kerstinritter-knits.de\/en\/wp-json\/wp\/v2\/comments?post=923"}],"wp:featuredmedia":[{"embeddable":true,"href":"https:\/\/kerstinritter-knits.de\/en\/wp-json\/wp\/v2\/media\/916"}],"wp:attachment":[{"href":"https:\/\/kerstinritter-knits.de\/en\/wp-json\/wp\/v2\/media?parent=923"}],"wp:term":[{"taxonomy":"product_brand","embeddable":true,"href":"https:\/\/kerstinritter-knits.de\/en\/wp-json\/wp\/v2\/product_brand?post=923"},{"taxonomy":"product_cat","embeddable":true,"href":"https:\/\/kerstinritter-knits.de\/en\/wp-json\/wp\/v2\/product_cat?post=923"},{"taxonomy":"product_tag","embeddable":true,"href":"https:\/\/kerstinritter-knits.de\/en\/wp-json\/wp\/v2\/product_tag?post=923"}],"curies":[{"name":"wp","href":"https:\/\/api.w.org\/{rel}","templated":true}]}}