{"id":9234,"date":"2025-12-05T17:47:15","date_gmt":"2025-12-05T16:47:15","guid":{"rendered":"https:\/\/kerstinritter-knits.de\/?post_type=product&#038;p=9234"},"modified":"2025-12-06T10:48:03","modified_gmt":"2025-12-06T09:48:03","slug":"mala-onyx-rhodonit-6-8-mm","status":"publish","type":"product","link":"https:\/\/kerstinritter-knits.de\/en\/product\/mala-onyx-rhodonit-6-8-mm\/","title":{"rendered":"Mala ONYX &#8211; RHODONIT 6\/8 mm"},"content":{"rendered":"<p>Diese Mala wird von mir auf einer schwarzen Seidenschnur geknotet.<\/p>\n<p>Eine wundersch\u00f6ne Mala durch die 8 mm gro\u00dfen facettierten Onyx und 6mm runden Rhodonit Perlen. Den Abschluss bildet eine 12mm gro\u00dfe Onyx Perle.<\/p>\n<div id=\"content-toggle-product-details-read-more\" class=\"wt-content-toggle__body wt-content-toggle__body--truncated wt-content-toggle__body--truncated-02\" aria-hidden=\"false\">\n<p>Gesamtl\u00e4nge der Kette ca. 49 cm.<\/p>\n<p>Jede Mala ist ein Unikat!<\/p>\n<p>Sie wird in einem wundersch\u00f6nen Samtbeutel f\u00fcr euch verschickt!<\/p>\n<\/div>\n<p>Zur RHODONIT Perle: Man sagt dem Rhodonit nach, dass er mit seiner Kraft f\u00fcr eine harmonische Grundstimmung sorgen kann: er bringt Verzeihen und Vers\u00f6hnen zum Vorschein, so dass Wut, \u00c4rger und negative Gedanken losgelassen werden k\u00f6nnen. Er soll Stress, Angst und emotionale Unruhe lindern und ein Gef\u00fchl von innerer Ruhe und Ausgeglichenheit vermitteln. Rhodonit wird auch mit dem Herzchakra in Verbindung gebracht, das f\u00fcr Liebe, Mitgef\u00fchl und Beziehungen steht. Er soll emotionale Wunden heilen und die Liebe und Verbundenheit mit anderen st\u00e4rken.<\/p>\n<p>Zur ONXY Perle: In der r\u00f6mischen Mythologie wurde Onyx als Symbol des Gl\u00fccks und des Erfolgs angesehen. Es wurde auch f\u00fcr magische Zwecke verwendet und man glaubt, dass es den Tr\u00e4ger vor b\u00f6sen Geistern und Unheil sch\u00fctzen konnte.<\/p>","protected":false},"excerpt":{"rendered":"<p>Diese Mala wird von mir auf einer schwarzen Seidenschnur geknotet. Eine wundersch\u00f6ne Mala durch die 8 mm gro\u00dfen facettierten Onyx und 6mm runden Rhodonit Perlen. Den Abschluss bildet eine 12mm gro\u00dfe Onyx Perle. Gesamtl\u00e4nge der Kette ca. 49 cm. Jede Mala ist ein Unikat! Sie wird in einem wundersch\u00f6nen Samtbeutel f\u00fcr euch verschickt! Zur RHODONIT Perle: Man sagt dem Rhodonit nach, dass er mit seiner Kraft f\u00fcr eine harmonische Grundstimmung sorgen kann: er bringt Verzeihen und Vers\u00f6hnen zum Vorschein, so dass Wut, \u00c4rger und negative Gedanken losgelassen werden k\u00f6nnen. Er soll Stress, Angst und emotionale Unruhe lindern und ein Gef\u00fchl von innerer Ruhe und Ausgeglichenheit vermitteln. Rhodonit wird auch mit dem Herzchakra in Verbindung gebracht, das f\u00fcr Liebe, Mitgef\u00fchl und Beziehungen steht. Er soll emotionale Wunden heilen und die Liebe und Verbundenheit mit anderen st\u00e4rken. Zur ONXY Perle: In der r\u00f6mischen Mythologie wurde Onyx als Symbol des Gl\u00fccks und des Erfolgs angesehen. Es wurde auch f\u00fcr magische Zwecke verwendet und man glaubt, dass es den Tr\u00e4ger vor b\u00f6sen Geistern und Unheil sch\u00fctzen konnte.<\/p>","protected":false},"featured_media":8986,"comment_status":"open","ping_status":"closed","template":"","meta":{"_acf_changed":false},"product_brand":[],"product_cat":[78,75],"product_tag":[],"class_list":{"0":"post-9234","1":"product","2":"type-product","3":"status-publish","4":"has-post-thumbnail","6":"product_cat-malas","7":"product_cat-schmuck","8":"product_shipping_class-malas","10":"first","11":"instock","12":"sold-individually","13":"taxable","14":"shipping-taxable","15":"purchasable","16":"product-type-simple"},"acf":[],"_links":{"self":[{"href":"https:\/\/kerstinritter-knits.de\/en\/wp-json\/wp\/v2\/product\/9234","targetHints":{"allow":["GET"]}}],"collection":[{"href":"https:\/\/kerstinritter-knits.de\/en\/wp-json\/wp\/v2\/product"}],"about":[{"href":"https:\/\/kerstinritter-knits.de\/en\/wp-json\/wp\/v2\/types\/product"}],"replies":[{"embeddable":true,"href":"https:\/\/kerstinritter-knits.de\/en\/wp-json\/wp\/v2\/comments?post=9234"}],"wp:featuredmedia":[{"embeddable":true,"href":"https:\/\/kerstinritter-knits.de\/en\/wp-json\/wp\/v2\/media\/8986"}],"wp:attachment":[{"href":"https:\/\/kerstinritter-knits.de\/en\/wp-json\/wp\/v2\/media?parent=9234"}],"wp:term":[{"taxonomy":"product_brand","embeddable":true,"href":"https:\/\/kerstinritter-knits.de\/en\/wp-json\/wp\/v2\/product_brand?post=9234"},{"taxonomy":"product_cat","embeddable":true,"href":"https:\/\/kerstinritter-knits.de\/en\/wp-json\/wp\/v2\/product_cat?post=9234"},{"taxonomy":"product_tag","embeddable":true,"href":"https:\/\/kerstinritter-knits.de\/en\/wp-json\/wp\/v2\/product_tag?post=9234"}],"curies":[{"name":"wp","href":"https:\/\/api.w.org\/{rel}","templated":true}]}}