{"id":9236,"date":"2025-12-05T18:01:29","date_gmt":"2025-12-05T17:01:29","guid":{"rendered":"https:\/\/kerstinritter-knits.de\/?post_type=product&#038;p=9236"},"modified":"2025-12-06T10:45:01","modified_gmt":"2025-12-06T09:45:01","slug":"mala-onyx-silver-obsidian-6-8-mm","status":"publish","type":"product","link":"https:\/\/kerstinritter-knits.de\/en\/product\/mala-onyx-silver-obsidian-6-8-mm\/","title":{"rendered":"Mala ONYX &#8211; SILVER OBSIDIAN 6\/8 mm"},"content":{"rendered":"<p>Diese Mala wird von mir auf einer schwarzen Seidenschnur geknotet.<\/p>\n<p>Sie wirkt wundersch\u00f6n durch ihre 8 mm gro\u00dfen facettierten Onyx 6mm runden Silver Obsidian Perlen mit einer 12mm Onyx Guruperle als Abschlu\u00df.<\/p>\n<div id=\"content-toggle-product-details-read-more\" class=\"wt-content-toggle__body wt-content-toggle__body--truncated wt-content-toggle__body--truncated-02\" aria-hidden=\"false\">\n<p>Gesamtl\u00e4nge der Kette ca. 48 cm.<\/p>\n<p>Jede Mala ist ein Unikat!<\/p>\n<p>Sie wird in einem wundersch\u00f6nen Samtbeutel f\u00fcr euch verschickt!<\/p>\n<\/div>\n<p>Zur ONXY Perle: In der r\u00f6mischen Mythologie wurde Onyx als Symbol des Gl\u00fccks und des Erfolgs angesehen. Es wurde auch f\u00fcr magische Zwecke verwendet und man glaubt, dass es den Tr\u00e4ger vor b\u00f6sen Geistern und Unheil sch\u00fctzen konnte.<\/p>\n<p>Zur OBSIDIAN Perle: Obsidian hat eine\u00a0starke Wirkung, um Blockaden, Schockzust\u00e4nde, \u00c4ngste und Traumata zu l\u00f6sen. Dieser schwarze Edelstein unterst\u00fctzt dabei, sich mit vergangenen Erfahrungen auseinanderzusetzen und die damit verbundenen Schmerzen zu \u00fcberwinden.<\/p>","protected":false},"excerpt":{"rendered":"<p>Diese Mala wird von mir auf einer schwarzen Seidenschnur geknotet. Sie wirkt wundersch\u00f6n durch ihre 8 mm gro\u00dfen facettierten Onyx 6mm runden Silver Obsidian Perlen mit einer 12mm Onyx Guruperle als Abschlu\u00df. Gesamtl\u00e4nge der Kette ca. 48 cm. Jede Mala ist ein Unikat! Sie wird in einem wundersch\u00f6nen Samtbeutel f\u00fcr euch verschickt! Zur ONXY Perle: In der r\u00f6mischen Mythologie wurde Onyx als Symbol des Gl\u00fccks und des Erfolgs angesehen. Es wurde auch f\u00fcr magische Zwecke verwendet und man glaubt, dass es den Tr\u00e4ger vor b\u00f6sen Geistern und Unheil sch\u00fctzen konnte. Zur OBSIDIAN Perle: Obsidian hat eine\u00a0starke Wirkung, um Blockaden, Schockzust\u00e4nde, \u00c4ngste und Traumata zu l\u00f6sen. Dieser schwarze Edelstein unterst\u00fctzt dabei, sich mit vergangenen Erfahrungen auseinanderzusetzen und die damit verbundenen Schmerzen zu \u00fcberwinden.<\/p>","protected":false},"featured_media":9012,"comment_status":"open","ping_status":"closed","template":"","meta":{"_acf_changed":false},"product_brand":[],"product_cat":[78,75],"product_tag":[],"class_list":{"0":"post-9236","1":"product","2":"type-product","3":"status-publish","4":"has-post-thumbnail","6":"product_cat-malas","7":"product_cat-schmuck","8":"product_shipping_class-malas","10":"first","11":"instock","12":"sold-individually","13":"taxable","14":"shipping-taxable","15":"purchasable","16":"product-type-simple"},"acf":[],"_links":{"self":[{"href":"https:\/\/kerstinritter-knits.de\/en\/wp-json\/wp\/v2\/product\/9236","targetHints":{"allow":["GET"]}}],"collection":[{"href":"https:\/\/kerstinritter-knits.de\/en\/wp-json\/wp\/v2\/product"}],"about":[{"href":"https:\/\/kerstinritter-knits.de\/en\/wp-json\/wp\/v2\/types\/product"}],"replies":[{"embeddable":true,"href":"https:\/\/kerstinritter-knits.de\/en\/wp-json\/wp\/v2\/comments?post=9236"}],"wp:featuredmedia":[{"embeddable":true,"href":"https:\/\/kerstinritter-knits.de\/en\/wp-json\/wp\/v2\/media\/9012"}],"wp:attachment":[{"href":"https:\/\/kerstinritter-knits.de\/en\/wp-json\/wp\/v2\/media?parent=9236"}],"wp:term":[{"taxonomy":"product_brand","embeddable":true,"href":"https:\/\/kerstinritter-knits.de\/en\/wp-json\/wp\/v2\/product_brand?post=9236"},{"taxonomy":"product_cat","embeddable":true,"href":"https:\/\/kerstinritter-knits.de\/en\/wp-json\/wp\/v2\/product_cat?post=9236"},{"taxonomy":"product_tag","embeddable":true,"href":"https:\/\/kerstinritter-knits.de\/en\/wp-json\/wp\/v2\/product_tag?post=9236"}],"curies":[{"name":"wp","href":"https:\/\/api.w.org\/{rel}","templated":true}]}}