{"id":933,"date":"2024-08-20T16:24:27","date_gmt":"2024-08-20T14:24:27","guid":{"rendered":"https:\/\/dev.kerstinritter-knits.de\/?post_type=product&#038;p=933"},"modified":"2025-12-06T12:23:26","modified_gmt":"2025-12-06T11:23:26","slug":"mala-black-beauty-mit-8-mm-onyx-lava-und-facettierte-haematit-perlen","status":"publish","type":"product","link":"https:\/\/kerstinritter-knits.de\/en\/product\/mala-black-beauty-mit-8-mm-onyx-lava-und-facettierte-haematit-perlen\/","title":{"rendered":"Mala \u201cBLACK BEAUTY&#8220; mit  Onyx, Lava und facettierte H\u00e4matit-Perlen"},"content":{"rendered":"<div id=\"content-toggle-product-details-read-more\" class=\"wt-content-toggle__body wt-content-toggle__body--truncated wt-content-toggle__body--truncated-02\" aria-hidden=\"false\">\n<p class=\"wt-text-body-01 wt-break-word\" data-product-details-description-text-content=\"\">Diese Mala ist wirklich eine BLACK BEAUTY.<\/p>\n<p class=\"wt-text-body-01 wt-break-word\" data-product-details-description-text-content=\"\">Sie besteht aus 8mm runden Lava und Onyxperlen (matt und poliert), sowie aus facettierten H\u00e4matit-Perlen.<\/p>\n<p>Ihr k\u00f6nnt w\u00e4hlen ob ihr eine 14mm gro\u00dfe silberne Schnecke oder eine 12 mm gro\u00dfe Onyxperle als Abschlusd m\u00f6chtet.<\/p>\n<p>Diese Mala wird auf einer schwarzen Seidenschnur geknotet.<\/p>\n<p>Zur ONXY Perle: In der r\u00f6mischen Mythologie wurde Onyx als Symbol des Gl\u00fccks und des Erfolgs angesehen. Es wurde auch f\u00fcr magische Zwecke verwendet und man glaubt, dass es den Tr\u00e4ger vor b\u00f6sen Geistern und Unheil sch\u00fctzen konnte.<\/p>\n<p>Zur LAVA Perle: Lavastein vermittelt Energie und st\u00e4rkt den gesamten Organismus. Der Lavastein entsteht aus dem flie\u00dfenden Magma aus der Mitte unserer Erde und hat schon seit Urzeiten eine gro\u00dfe spirituelle Bedeutung f\u00fcr uns Menschen. Er verbindet uns mit der Erde und z\u00e4hlt als Bindeglied zwischen dem Element Feuer und Erde. Als Schutzstein kann Lava eine starke energetische Barriere gegen negative Einfl\u00fcsse und unerw\u00fcnschte Energien bieten. Lava kann das pers\u00f6nliche Energiefeld st\u00e4rken und helfen, sich vor emotionalen Belastungen zu sch\u00fctzen.<\/p>\n<p>Zur H\u00c4MATIT Perle: Dieser Stein unterst\u00fctzt die Regenerationsf\u00e4higkeit des K\u00f6rpers und kann so bei der Rekonvaleszenz helfen. Der H\u00e4matit wirkt zus\u00e4tzlich regenerierend auf die Leber und erleichtert unserem K\u00f6rper so die Entgiftung. Er f\u00f6rdert die Narbenverheilung.<\/p>\n<\/div>","protected":false},"excerpt":{"rendered":"<p>Diese Mala ist wirklich eine BLACK BEAUTY. Sie besteht aus 8mm runden Lava und Onyxperlen (matt und poliert), sowie aus facettierten H\u00e4matit-Perlen. Ihr k\u00f6nnt w\u00e4hlen ob ihr eine 14mm gro\u00dfe silberne Schnecke oder eine 12 mm gro\u00dfe Onyxperle als Abschlusd m\u00f6chtet. Diese Mala wird auf einer schwarzen Seidenschnur geknotet. Zur ONXY Perle: In der r\u00f6mischen Mythologie wurde Onyx als Symbol des Gl\u00fccks und des Erfolgs angesehen. Es wurde auch f\u00fcr magische Zwecke verwendet und man glaubt, dass es den Tr\u00e4ger vor b\u00f6sen Geistern und Unheil sch\u00fctzen konnte. Zur LAVA Perle: Lavastein vermittelt Energie und st\u00e4rkt den gesamten Organismus. Der Lavastein entsteht aus dem flie\u00dfenden Magma aus der Mitte unserer Erde und hat schon seit Urzeiten eine gro\u00dfe spirituelle Bedeutung f\u00fcr uns Menschen. Er verbindet uns mit der Erde und z\u00e4hlt als Bindeglied zwischen dem Element Feuer und Erde. Als Schutzstein kann Lava eine starke energetische Barriere gegen negative Einfl\u00fcsse und unerw\u00fcnschte Energien bieten. Lava kann das pers\u00f6nliche Energiefeld st\u00e4rken und helfen, sich vor emotionalen Belastungen zu sch\u00fctzen. Zur H\u00c4MATIT Perle: Dieser Stein unterst\u00fctzt die Regenerationsf\u00e4higkeit des K\u00f6rpers und kann so bei der Rekonvaleszenz helfen. Der H\u00e4matit wirkt zus\u00e4tzlich regenerierend auf die Leber und erleichtert unserem K\u00f6rper so die Entgiftung. Er f\u00f6rdert die Narbenverheilung.<\/p>","protected":false},"featured_media":931,"comment_status":"open","ping_status":"closed","template":"","meta":{"_acf_changed":false},"product_brand":[],"product_cat":[78,75],"product_tag":[77],"class_list":{"0":"post-933","1":"product","2":"type-product","3":"status-publish","4":"has-post-thumbnail","6":"product_cat-malas","7":"product_cat-schmuck","8":"product_tag-startseite","9":"product_shipping_class-malas","11":"first","12":"outofstock","13":"taxable","14":"shipping-taxable","15":"purchasable","16":"product-type-variable"},"acf":[],"_links":{"self":[{"href":"https:\/\/kerstinritter-knits.de\/en\/wp-json\/wp\/v2\/product\/933","targetHints":{"allow":["GET"]}}],"collection":[{"href":"https:\/\/kerstinritter-knits.de\/en\/wp-json\/wp\/v2\/product"}],"about":[{"href":"https:\/\/kerstinritter-knits.de\/en\/wp-json\/wp\/v2\/types\/product"}],"replies":[{"embeddable":true,"href":"https:\/\/kerstinritter-knits.de\/en\/wp-json\/wp\/v2\/comments?post=933"}],"wp:featuredmedia":[{"embeddable":true,"href":"https:\/\/kerstinritter-knits.de\/en\/wp-json\/wp\/v2\/media\/931"}],"wp:attachment":[{"href":"https:\/\/kerstinritter-knits.de\/en\/wp-json\/wp\/v2\/media?parent=933"}],"wp:term":[{"taxonomy":"product_brand","embeddable":true,"href":"https:\/\/kerstinritter-knits.de\/en\/wp-json\/wp\/v2\/product_brand?post=933"},{"taxonomy":"product_cat","embeddable":true,"href":"https:\/\/kerstinritter-knits.de\/en\/wp-json\/wp\/v2\/product_cat?post=933"},{"taxonomy":"product_tag","embeddable":true,"href":"https:\/\/kerstinritter-knits.de\/en\/wp-json\/wp\/v2\/product_tag?post=933"}],"curies":[{"name":"wp","href":"https:\/\/api.w.org\/{rel}","templated":true}]}}