{"id":938,"date":"2024-08-20T16:36:02","date_gmt":"2024-08-20T14:36:02","guid":{"rendered":"https:\/\/dev.kerstinritter-knits.de\/?post_type=product&#038;p=938"},"modified":"2025-12-08T15:34:34","modified_gmt":"2025-12-08T14:34:34","slug":"mala-rhodonit-mit-8-mm-perlen-facettiert-mit-einzelnen-6-mm-perlen","status":"publish","type":"product","link":"https:\/\/kerstinritter-knits.de\/en\/product\/mala-rhodonit-mit-8-mm-perlen-facettiert-mit-einzelnen-6-mm-perlen\/","title":{"rendered":"Mala \u201cRHODONIT&#8220;  facettiert, 6\/8mm"},"content":{"rendered":"<div id=\"content-toggle-product-details-read-more\" class=\"wt-content-toggle__body wt-content-toggle__body--truncated wt-content-toggle__body--truncated-02\" aria-hidden=\"false\">\n<p class=\"wt-text-body-01 wt-break-word\" data-product-details-description-text-content=\"\">Mala mit 8mm facettierten und vereinzelten 6mm runden RHODONIT Perlen und rosegoldfarbenem Lebensbaum als Abschluss.<\/p>\n<p>Diese Mala wurde von mir auf einer altrosa Schnur geknotet und ist sofort verf\u00fcgbar! Gesamtl\u00e4nge der Kette ca. 51 cm<\/p>\n<p>Zur RHODONIT Perle: Man sagt dem Rhodonit nach, dass er mit seiner Kraft f\u00fcr eine harmonische Grundstimmung sorgen kann: er bringt Verzeihen und Vers\u00f6hnen zum Vorschein, so dass Wut, \u00c4rger und negative Gedanken losgelassen werden k\u00f6nnen. Er soll Stress, Angst und emotionale Unruhe lindern und ein Gef\u00fchl von innerer Ruhe und Ausgeglichenheit vermitteln. Rhodonit wird auch mit dem Herzchakra in Verbindung gebracht, das f\u00fcr Liebe, Mitgef\u00fchl und Beziehungen steht. Er soll emotionale Wunden heilen und die Liebe und Verbundenheit mit anderen st\u00e4rken.<\/p>\n<p>Passende Armb\u00e4nder gibt es auch in diesem Shop.<\/p>\n<\/div>","protected":false},"excerpt":{"rendered":"<p>Mala mit 8mm facettierten und vereinzelten 6mm runden RHODONIT Perlen und rosegoldfarbenem Lebensbaum als Abschluss. Diese Mala wurde von mir auf einer altrosa Schnur geknotet und ist sofort verf\u00fcgbar! Gesamtl\u00e4nge der Kette ca. 51 cm Zur RHODONIT Perle: Man sagt dem Rhodonit nach, dass er mit seiner Kraft f\u00fcr eine harmonische Grundstimmung sorgen kann: er bringt Verzeihen und Vers\u00f6hnen zum Vorschein, so dass Wut, \u00c4rger und negative Gedanken losgelassen werden k\u00f6nnen. Er soll Stress, Angst und emotionale Unruhe lindern und ein Gef\u00fchl von innerer Ruhe und Ausgeglichenheit vermitteln. Rhodonit wird auch mit dem Herzchakra in Verbindung gebracht, das f\u00fcr Liebe, Mitgef\u00fchl und Beziehungen steht. Er soll emotionale Wunden heilen und die Liebe und Verbundenheit mit anderen st\u00e4rken. Passende Armb\u00e4nder gibt es auch in diesem Shop.<\/p>","protected":false},"featured_media":935,"comment_status":"open","ping_status":"closed","template":"","meta":{"_acf_changed":false},"product_brand":[],"product_cat":[78,75],"product_tag":[],"class_list":{"0":"post-938","1":"product","2":"type-product","3":"status-publish","4":"has-post-thumbnail","6":"product_cat-malas","7":"product_cat-schmuck","8":"product_shipping_class-malas","10":"first","11":"outofstock","12":"taxable","13":"shipping-taxable","14":"purchasable","15":"product-type-simple"},"acf":[],"_links":{"self":[{"href":"https:\/\/kerstinritter-knits.de\/en\/wp-json\/wp\/v2\/product\/938","targetHints":{"allow":["GET"]}}],"collection":[{"href":"https:\/\/kerstinritter-knits.de\/en\/wp-json\/wp\/v2\/product"}],"about":[{"href":"https:\/\/kerstinritter-knits.de\/en\/wp-json\/wp\/v2\/types\/product"}],"replies":[{"embeddable":true,"href":"https:\/\/kerstinritter-knits.de\/en\/wp-json\/wp\/v2\/comments?post=938"}],"wp:featuredmedia":[{"embeddable":true,"href":"https:\/\/kerstinritter-knits.de\/en\/wp-json\/wp\/v2\/media\/935"}],"wp:attachment":[{"href":"https:\/\/kerstinritter-knits.de\/en\/wp-json\/wp\/v2\/media?parent=938"}],"wp:term":[{"taxonomy":"product_brand","embeddable":true,"href":"https:\/\/kerstinritter-knits.de\/en\/wp-json\/wp\/v2\/product_brand?post=938"},{"taxonomy":"product_cat","embeddable":true,"href":"https:\/\/kerstinritter-knits.de\/en\/wp-json\/wp\/v2\/product_cat?post=938"},{"taxonomy":"product_tag","embeddable":true,"href":"https:\/\/kerstinritter-knits.de\/en\/wp-json\/wp\/v2\/product_tag?post=938"}],"curies":[{"name":"wp","href":"https:\/\/api.w.org\/{rel}","templated":true}]}}