{"id":951,"date":"2024-08-20T17:19:23","date_gmt":"2024-08-20T15:19:23","guid":{"rendered":"https:\/\/dev.kerstinritter-knits.de\/?post_type=product&#038;p=951"},"modified":"2026-03-12T09:26:27","modified_gmt":"2026-03-12T08:26:27","slug":"mala-jade-gruen-mit-8-mm","status":"publish","type":"product","link":"https:\/\/kerstinritter-knits.de\/en\/product\/mala-jade-gruen-mit-8-mm\/","title":{"rendered":"Mala &#8222;gr\u00fcne JADE&#8220;, 8mm"},"content":{"rendered":"<div id=\"content-toggle-product-details-read-more\" class=\"wt-content-toggle__body wt-content-toggle__body--truncated wt-content-toggle__body--truncated-02\" aria-hidden=\"false\">\n<p class=\"wt-text-body-01 wt-break-word\" data-product-details-description-text-content=\"\">Mala mit 8mm gro\u00dfen gr\u00fcnen JADE-Perlen und vergoldetem Lebensbaum.<\/p>\n<p>Diese Mala wird von mir auf einer schwarzen Schnur geknotet.<\/p>\n<p>Zur GR\u00dcNEN JADE Perle: Der Gr\u00fcne Jade gilt als Stein der Beruhigung und Harmonie und ihm werden vielf\u00e4ltige Heilwirkungen f\u00fcr die psychische Gesundheit zugesprochen. Er soll zur Klarheit und Strukturiertheit f\u00fchren. Zudem soll er inneren Frieden und Toleranz hervorrufen und somit einf\u00fchlsamer machen.<\/p>\n<\/div>","protected":false},"excerpt":{"rendered":"<p>Mala mit 8mm gro\u00dfen gr\u00fcnen JADE-Perlen und vergoldetem Lebensbaum. Diese Mala wird von mir auf einer schwarzen Schnur geknotet. Zur GR\u00dcNEN JADE Perle: Der Gr\u00fcne Jade gilt als Stein der Beruhigung und Harmonie und ihm werden vielf\u00e4ltige Heilwirkungen f\u00fcr die psychische Gesundheit zugesprochen. Er soll zur Klarheit und Strukturiertheit f\u00fchren. Zudem soll er inneren Frieden und Toleranz hervorrufen und somit einf\u00fchlsamer machen.<\/p>","protected":false},"featured_media":949,"comment_status":"open","ping_status":"closed","template":"","meta":{"_acf_changed":false},"product_brand":[],"product_cat":[78,75],"product_tag":[],"class_list":{"0":"post-951","1":"product","2":"type-product","3":"status-publish","4":"has-post-thumbnail","6":"product_cat-malas","7":"product_cat-schmuck","8":"product_shipping_class-malas","10":"first","11":"instock","12":"taxable","13":"shipping-taxable","14":"purchasable","15":"product-type-simple"},"acf":[],"_links":{"self":[{"href":"https:\/\/kerstinritter-knits.de\/en\/wp-json\/wp\/v2\/product\/951","targetHints":{"allow":["GET"]}}],"collection":[{"href":"https:\/\/kerstinritter-knits.de\/en\/wp-json\/wp\/v2\/product"}],"about":[{"href":"https:\/\/kerstinritter-knits.de\/en\/wp-json\/wp\/v2\/types\/product"}],"replies":[{"embeddable":true,"href":"https:\/\/kerstinritter-knits.de\/en\/wp-json\/wp\/v2\/comments?post=951"}],"wp:featuredmedia":[{"embeddable":true,"href":"https:\/\/kerstinritter-knits.de\/en\/wp-json\/wp\/v2\/media\/949"}],"wp:attachment":[{"href":"https:\/\/kerstinritter-knits.de\/en\/wp-json\/wp\/v2\/media?parent=951"}],"wp:term":[{"taxonomy":"product_brand","embeddable":true,"href":"https:\/\/kerstinritter-knits.de\/en\/wp-json\/wp\/v2\/product_brand?post=951"},{"taxonomy":"product_cat","embeddable":true,"href":"https:\/\/kerstinritter-knits.de\/en\/wp-json\/wp\/v2\/product_cat?post=951"},{"taxonomy":"product_tag","embeddable":true,"href":"https:\/\/kerstinritter-knits.de\/en\/wp-json\/wp\/v2\/product_tag?post=951"}],"curies":[{"name":"wp","href":"https:\/\/api.w.org\/{rel}","templated":true}]}}