{"id":956,"date":"2024-08-20T17:28:28","date_gmt":"2024-08-20T15:28:28","guid":{"rendered":"https:\/\/dev.kerstinritter-knits.de\/?post_type=product&#038;p=956"},"modified":"2026-01-20T15:53:19","modified_gmt":"2026-01-20T14:53:19","slug":"mala-lapislazuli-mit-8-mm","status":"publish","type":"product","link":"https:\/\/kerstinritter-knits.de\/en\/product\/mala-lapislazuli-mit-8-mm\/","title":{"rendered":"Mala LAPISLAZULI, 8mm, verschiedene Varianten"},"content":{"rendered":"<div id=\"content-toggle-product-details-read-more\" class=\"wt-content-toggle__body wt-content-toggle__body--truncated wt-content-toggle__body--truncated-02\" aria-hidden=\"false\">\n<p class=\"wt-text-body-01 wt-break-word\" data-product-details-description-text-content=\"\">Diese wundersch\u00f6ne Lapislazuli-Mala gibt es in verschiedenen Varianten:<\/p>\n<p class=\"wt-text-body-01 wt-break-word\" data-product-details-description-text-content=\"\">&#8211; 8mm runden und facettierten Lapislazuli -Perlen und vergoldetem Lebensbaum<\/p>\n<p data-product-details-description-text-content=\"\">&#8211; 8mm runden Lapislazuli-Perlen mit dezentem Goldschimmer mit vergoldetem Lebensbaum oder silberner Schnecke<\/p>\n<p data-product-details-description-text-content=\"\">&#8211; 8mm runden Lapislazuli-Perlen in blau\/grauer Optik<\/p>\n<p data-product-details-description-text-content=\"\">&#8211; 6mm runden Lapislazuli-Perlen und silberner Schnecke.<\/p>\n<p>Diese Mala wird von mir auf einer blauen Seidenschnur geknotet.<br \/>\nGesamtl\u00e4nge der Kette ca. 48-53 cm.<\/p>\n<\/div>\n<p>Der blaue Stein kann Hauterkrankungen vorbeugen und soll bei Bluthochdruck helfen. Unter anderem soll der Stein auch psychische Wirkungen auf den Menschen haben. Er verleiht dem Tr\u00e4ger einen gesteigerten Optimismus und kann somit bei Depressionen, \u00c4ngsten und Blockaden unterst\u00fctzen.<\/p>","protected":false},"excerpt":{"rendered":"<p>Diese wundersch\u00f6ne Lapislazuli-Mala gibt es in verschiedenen Varianten: &#8211; 8mm runden und facettierten Lapislazuli -Perlen und vergoldetem Lebensbaum &#8211; 8mm runden Lapislazuli-Perlen mit dezentem Goldschimmer mit vergoldetem Lebensbaum oder silberner Schnecke &#8211; 8mm runden Lapislazuli-Perlen in blau\/grauer Optik &#8211; 6mm runden Lapislazuli-Perlen und silberner Schnecke. Diese Mala wird von mir auf einer blauen Seidenschnur geknotet. Gesamtl\u00e4nge der Kette ca. 48-53 cm. Der blaue Stein kann Hauterkrankungen vorbeugen und soll bei Bluthochdruck helfen. Unter anderem soll der Stein auch psychische Wirkungen auf den Menschen haben. Er verleiht dem Tr\u00e4ger einen gesteigerten Optimismus und kann somit bei Depressionen, \u00c4ngsten und Blockaden unterst\u00fctzen.<\/p>","protected":false},"featured_media":4997,"comment_status":"open","ping_status":"closed","template":"","meta":{"_acf_changed":false},"product_brand":[],"product_cat":[78,75],"product_tag":[],"class_list":{"0":"post-956","1":"product","2":"type-product","3":"status-publish","4":"has-post-thumbnail","6":"product_cat-malas","7":"product_cat-schmuck","8":"product_shipping_class-malas","10":"first","11":"instock","12":"taxable","13":"shipping-taxable","14":"purchasable","15":"product-type-variable","16":"has-default-attributes"},"acf":[],"_links":{"self":[{"href":"https:\/\/kerstinritter-knits.de\/en\/wp-json\/wp\/v2\/product\/956","targetHints":{"allow":["GET"]}}],"collection":[{"href":"https:\/\/kerstinritter-knits.de\/en\/wp-json\/wp\/v2\/product"}],"about":[{"href":"https:\/\/kerstinritter-knits.de\/en\/wp-json\/wp\/v2\/types\/product"}],"replies":[{"embeddable":true,"href":"https:\/\/kerstinritter-knits.de\/en\/wp-json\/wp\/v2\/comments?post=956"}],"wp:featuredmedia":[{"embeddable":true,"href":"https:\/\/kerstinritter-knits.de\/en\/wp-json\/wp\/v2\/media\/4997"}],"wp:attachment":[{"href":"https:\/\/kerstinritter-knits.de\/en\/wp-json\/wp\/v2\/media?parent=956"}],"wp:term":[{"taxonomy":"product_brand","embeddable":true,"href":"https:\/\/kerstinritter-knits.de\/en\/wp-json\/wp\/v2\/product_brand?post=956"},{"taxonomy":"product_cat","embeddable":true,"href":"https:\/\/kerstinritter-knits.de\/en\/wp-json\/wp\/v2\/product_cat?post=956"},{"taxonomy":"product_tag","embeddable":true,"href":"https:\/\/kerstinritter-knits.de\/en\/wp-json\/wp\/v2\/product_tag?post=956"}],"curies":[{"name":"wp","href":"https:\/\/api.w.org\/{rel}","templated":true}]}}