{"id":9820,"date":"2025-12-23T16:24:35","date_gmt":"2025-12-23T15:24:35","guid":{"rendered":"https:\/\/kerstinritter-knits.de\/?post_type=product&#038;p=9820"},"modified":"2025-12-30T11:26:22","modified_gmt":"2025-12-30T10:26:22","slug":"ramsay-fingerless-mittens-handstulpen-dt-engl","status":"publish","type":"product","link":"https:\/\/kerstinritter-knits.de\/en\/product\/ramsay-fingerless-mittens-handstulpen-dt-engl\/","title":{"rendered":"RAMSAY fingerless mittens (Handstulpen), dt.\/engl."},"content":{"rendered":"<p>Die \u201eRamsay fingerless mittens\u201c sind wundersch\u00f6ne Handstulpen die ideal zu M\u00e4nteln oder Jacken mit weiten \u00c4rmeln passen. Au\u00dferdem bilden sie zusammen mit dem Ramsay Shawl ein perfektes TwinSet f\u00fcr den Herbst\/Winter.<\/p>\n<p>Die Handstulpen werden mit einem Nadelspiel vom Arm bis zu den Fingern gestrickt. Selbstverst\u00e4ndlich kannst du auch mit der Magic Loop Methode arbeiten. Du beginnst mit einem passenden B\u00fcndchen, dann folgt das Muster, welches mit tiefergestochenen Patentmaschen gestrickt wird. Dabei werden regelm\u00e4\u00dfig Maschen f\u00fcr den Daumenkeil zugenommen, w\u00e4hrend die Stulpen im Muster weiter gearbeitet werden. Nachdem die Maschen f\u00fcr den Daumen stillgelegt sind, wird zun\u00e4chst die Stulpe zu Ende gestrickt und mit einem B\u00fcndchen beendet.<\/p>\n<p>Anschlie\u00dfend werden die stillgelegten Maschen des Daumens aufgenommen und in Runden im B\u00fcndchenmuster gestrickt.<\/p>\n<p>Gr\u00f6\u00dfen\u00a0\u00a0\u00a0\u00a0\u00a0\u00a0\u00a0\u00a0\u00a0\u00a0\u00a0\u00a0\u00a0\u00a0\u00a0\u00a0\u00a0\u00a0\u00a0\u00a0\u00a0\u00a0\u00a0\u00a0\u00a0\u00a0\u00a0\u00a0\u00a0\u00a0\u00a0\u00a0\u00a0\u00a0\u00a0\u00a0\u00a0 S (M) L\/XL<\/p>\n<p>Handumfang\u00a0 \u00a0 \u00a0 \u00a0 \u00a0 \u00a0 \u00a0 \u00a0 \u00a0 \u00a0 \u00a0 \u00a0 \u00a0 \u00a0 16-17 (18-19) 20-23 cm<\/p>\n<p>Maschenprobe\u00a0 \u00a0 \u00a0 \u00a0 \u00a0 \u00a0 \u00a0 \u00a0 \u00a0 \u00a0 \u00a0 \u00a0 \u00a0 26 Ma x 48 Rh = 10 x 10 cm im Muster, vor dem Waschen<\/p>\n<p>Nadeln\u00a0\u00a0\u00a0\u00a0\u00a0\u00a0\u00a0\u00a0\u00a0\u00a0\u00a0\u00a0\u00a0\u00a0\u00a0\u00a0\u00a0\u00a0\u00a0\u00a0\u00a0\u00a0\u00a0\u00a0\u00a0\u00a0\u00a0\u00a0\u00a0\u00a0\u00a0\u00a0\u00a0\u00a0\u00a0\u00a0\u00a0 Nadelspiel 3,0 mm \u2013<\/p>\n<p>wenn du zwischen 2 Nadelst\u00e4rken \u00fcberlegst, w\u00e4hle die Kleinere (die Handstulpen sollten relativ eng gestrickt werden)<\/p>\n<p>Verbrauch\u00a0 \u00a0 \u00a0 \u00a0 \u00a0 \u00a0 \u00a0 \u00a0 \u00a0 \u00a0 \u00a0 \u00a0 \u00a0 \u00a0 \u00a0 \u00a0 \u00a0130 (170) 210 m Laufl\u00e4nge<\/p>\n<p>Zubeh\u00f6r\u00a0\u00a0\u00a0\u00a0\u00a0\u00a0\u00a0\u00a0\u00a0\u00a0\u00a0\u00a0\u00a0\u00a0\u00a0\u00a0\u00a0\u00a0\u00a0\u00a0\u00a0\u00a0\u00a0\u00a0\u00a0\u00a0\u00a0\u00a0\u00a0\u00a0\u00a0\u00a0\u00a0\u00a0\u00a0 2 Maschenmarkierer, 2 Sicherheitsnadeln<\/p>\n<p><strong>Material\/Garnempfehlung\u00a0\u00a0\u00a0\u00a0\u00a0\u00a0\u00a0\u00a0\u00a0\u00a0\u00a0\u00a0\u00a0\u00a0\u00a0\u00a0\u00a0\u00a0\u00a0\u00a0\u00a0\u00a0\u00a0\u00a0\u00a0\u00a0\u00a0\u00a0\u00a0\u00a0 <\/strong><\/p>\n<p>Rosy Green Wool, Cheeky Merino Joy (hier Fb. \u201ewave\u201c)<\/p>\n<p>Cardiff Cashmere Classic (hier Fb. 705)<\/p>\n<p>&nbsp;<\/p>\n<p>Ramsay fingerless mittens are beautiful fingerless gloves that go perfectly with coats or jackets with wide sleeves.<br \/>\nTogether with the Ramsay Shawl, they make a perfect twin set for autumn\/winter.<\/p>\n<p>The fingerless mittens are worked on dpns from the arm to the fingers. You may as well use the Magic Loop method. You start off with the cuff, followed by a pattern with brioche stitches that are worked in the round below. While working the fingerless gloves in pattern, you work increases for the thumb gusset at an even intervall. Once the thumb stitches are placed on hold, you work the hand of the fingerless glove and end with a ribbing.<\/p>\n<p>Finally, you pick up the held thumb stitches and work the thumb in a rib pattern in rounds.<\/p>\n<p>Sizes\u00a0\u00a0\u00a0\u00a0\u00a0\u00a0\u00a0\u00a0\u00a0\u00a0\u00a0\u00a0\u00a0\u00a0\u00a0\u00a0\u00a0\u00a0\u00a0\u00a0\u00a0\u00a0\u00a0\u00a0\u00a0\u00a0\u00a0\u00a0\u00a0\u00a0\u00a0\u00a0\u00a0\u00a0\u00a0\u00a0\u00a0\u00a0\u00a0\u00a0 S (M) L\/XL<\/p>\n<p>Hand circumference\u00a0 \u00a0 \u00a0 \u00a0 \u00a0 \u00a0 \u00a0 \u00a0 16-17 (18-19) 20-23 cm<\/p>\n<p>Gauge\u00a0 \u00a0 \u00a0 \u00a0 \u00a0 \u00a0 \u00a0 \u00a0 \u00a0 \u00a0 \u00a0 \u00a0 \u00a0 \u00a0 \u00a0 \u00a0 \u00a0 \u00a0 \u00a0 26 stitches x 48 rows = 10 x 10 cm in pattern, <u>before<\/u> washing<\/p>\n<p>Recommended needles\u00a0 \u00a0 \u00a0 \u00a0 \u00a0 \u00a0Dpns 3 mm \u2013<\/p>\n<p>if you are in between 2 needle sizes, choose the smaller size (as the fingerless mittens should be worked rather tightly)<\/p>\n<p>Amount of yarn\u00a0 \u00a0 \u00a0 \u00a0 \u00a0 \u00a0 \u00a0 \u00a0 \u00a0 \u00a0 \u00a0 \u00a0 130 (170) 210 m<\/p>\n<p>Supplies\u00a0\u00a0\u00a0\u00a0\u00a0\u00a0\u00a0\u00a0\u00a0\u00a0\u00a0\u00a0\u00a0\u00a0\u00a0\u00a0\u00a0\u00a0\u00a0\u00a0\u00a0\u00a0\u00a0\u00a0\u00a0\u00a0\u00a0\u00a0\u00a0\u00a0\u00a0\u00a0\u00a0\u00a0\u00a0 2 stitch markers, 2 safety pins<\/p>\n<p><strong>Material\/ Recommended yarn\u00a0\u00a0\u00a0\u00a0\u00a0\u00a0\u00a0\u00a0\u00a0\u00a0\u00a0\u00a0\u00a0\u00a0\u00a0\u00a0\u00a0\u00a0\u00a0\u00a0\u00a0\u00a0\u00a0\u00a0\u00a0\u00a0\u00a0\u00a0\u00a0\u00a0\u00a0\u00a0\u00a0\u00a0\u00a0\u00a0\u00a0 <\/strong><\/p>\n<p>Rosy Green Wool, Cheeky Merino Joy (here in col. \u201ewave\u201c)<\/p>\n<p>Cardiff Cashmere Classic (here in col. 705)<\/p>\n<p>&nbsp;<\/p>","protected":false},"excerpt":{"rendered":"<p>Die \u201eRamsay fingerless mittens\u201c sind wundersch\u00f6ne Handstulpen die ideal zu M\u00e4nteln oder Jacken mit weiten \u00c4rmeln passen. Au\u00dferdem bilden sie zusammen mit dem Ramsay Shawl ein perfektes TwinSet f\u00fcr den Herbst\/Winter. Die Handstulpen werden mit einem Nadelspiel vom Arm bis zu den Fingern gestrickt. Selbstverst\u00e4ndlich kannst du auch mit der Magic Loop Methode arbeiten. Du beginnst mit einem passenden B\u00fcndchen, dann folgt das Muster, welches mit tiefergestochenen Patentmaschen gestrickt wird. Dabei werden regelm\u00e4\u00dfig Maschen f\u00fcr den Daumenkeil zugenommen, w\u00e4hrend die Stulpen im Muster weiter gearbeitet werden. Nachdem die Maschen f\u00fcr den Daumen stillgelegt sind, wird zun\u00e4chst die Stulpe zu Ende gestrickt und mit einem B\u00fcndchen beendet. Anschlie\u00dfend werden die stillgelegten Maschen des Daumens aufgenommen und in Runden im B\u00fcndchenmuster gestrickt. Gr\u00f6\u00dfen\u00a0\u00a0\u00a0\u00a0\u00a0\u00a0\u00a0\u00a0\u00a0\u00a0\u00a0\u00a0\u00a0\u00a0\u00a0\u00a0\u00a0\u00a0\u00a0\u00a0\u00a0\u00a0\u00a0\u00a0\u00a0\u00a0\u00a0\u00a0\u00a0\u00a0\u00a0\u00a0\u00a0\u00a0\u00a0\u00a0\u00a0 S (M) L\/XL Handumfang\u00a0 \u00a0 \u00a0 \u00a0 \u00a0 \u00a0 \u00a0 \u00a0 \u00a0 \u00a0 \u00a0 \u00a0 \u00a0 \u00a0 16-17 (18-19) 20-23 cm Maschenprobe\u00a0 \u00a0 \u00a0 \u00a0 \u00a0 \u00a0 \u00a0 \u00a0 \u00a0 \u00a0 \u00a0 \u00a0 \u00a0 26 Ma x 48 Rh = 10 x 10 cm im Muster, vor dem Waschen Nadeln\u00a0\u00a0\u00a0\u00a0\u00a0\u00a0\u00a0\u00a0\u00a0\u00a0\u00a0\u00a0\u00a0\u00a0\u00a0\u00a0\u00a0\u00a0\u00a0\u00a0\u00a0\u00a0\u00a0\u00a0\u00a0\u00a0\u00a0\u00a0\u00a0\u00a0\u00a0\u00a0\u00a0\u00a0\u00a0\u00a0\u00a0 Nadelspiel 3,0 mm \u2013 wenn du zwischen 2 Nadelst\u00e4rken \u00fcberlegst, w\u00e4hle die Kleinere (die Handstulpen sollten relativ eng gestrickt werden) Verbrauch\u00a0 \u00a0 \u00a0 \u00a0 \u00a0 \u00a0 \u00a0 \u00a0 \u00a0 \u00a0 \u00a0 \u00a0 \u00a0 \u00a0 \u00a0 \u00a0 \u00a0130 (170) 210 m Laufl\u00e4nge Zubeh\u00f6r\u00a0\u00a0\u00a0\u00a0\u00a0\u00a0\u00a0\u00a0\u00a0\u00a0\u00a0\u00a0\u00a0\u00a0\u00a0\u00a0\u00a0\u00a0\u00a0\u00a0\u00a0\u00a0\u00a0\u00a0\u00a0\u00a0\u00a0\u00a0\u00a0\u00a0\u00a0\u00a0\u00a0\u00a0\u00a0 2 Maschenmarkierer, 2 Sicherheitsnadeln Material\/Garnempfehlung\u00a0\u00a0\u00a0\u00a0\u00a0\u00a0\u00a0\u00a0\u00a0\u00a0\u00a0\u00a0\u00a0\u00a0\u00a0\u00a0\u00a0\u00a0\u00a0\u00a0\u00a0\u00a0\u00a0\u00a0\u00a0\u00a0\u00a0\u00a0\u00a0\u00a0 Rosy Green Wool, Cheeky Merino Joy (hier Fb. \u201ewave\u201c) Cardiff Cashmere Classic (hier Fb. 705) &nbsp; Ramsay fingerless mittens are beautiful fingerless gloves that go perfectly with coats or jackets with wide sleeves. Together with the Ramsay Shawl, they make a perfect twin set for autumn\/winter. The fingerless mittens are worked on dpns from the arm to the fingers. You may as well use the Magic Loop method. You start off with the cuff, followed by a pattern with brioche stitches that are worked in the round below. While working the fingerless gloves in pattern, you work increases for the thumb gusset at an even intervall. Once the thumb stitches are placed on hold, you work the hand of the fingerless glove and end with a ribbing. Finally, you pick up the held thumb stitches and work the thumb in a rib pattern in rounds. Sizes\u00a0\u00a0\u00a0\u00a0\u00a0\u00a0\u00a0\u00a0\u00a0\u00a0\u00a0\u00a0\u00a0\u00a0\u00a0\u00a0\u00a0\u00a0\u00a0\u00a0\u00a0\u00a0\u00a0\u00a0\u00a0\u00a0\u00a0\u00a0\u00a0\u00a0\u00a0\u00a0\u00a0\u00a0\u00a0\u00a0\u00a0\u00a0\u00a0\u00a0 S (M) L\/XL Hand circumference\u00a0 \u00a0 \u00a0 \u00a0 \u00a0 \u00a0 \u00a0 \u00a0 16-17 (18-19) 20-23 cm Gauge\u00a0 \u00a0 \u00a0 \u00a0 \u00a0 \u00a0 \u00a0 \u00a0 \u00a0 \u00a0 \u00a0 \u00a0 \u00a0 \u00a0 \u00a0 \u00a0 \u00a0 \u00a0 \u00a0 26 stitches x 48 rows = 10 x 10 cm in pattern, before washing Recommended needles\u00a0 \u00a0 \u00a0 \u00a0 \u00a0 \u00a0Dpns 3 mm \u2013 if you are in between 2 needle sizes, choose the smaller size (as the fingerless mittens should be worked rather tightly) Amount of yarn\u00a0 \u00a0 \u00a0 \u00a0 \u00a0 \u00a0 \u00a0 \u00a0 \u00a0 \u00a0 \u00a0 \u00a0 130 (170) 210 m Supplies\u00a0\u00a0\u00a0\u00a0\u00a0\u00a0\u00a0\u00a0\u00a0\u00a0\u00a0\u00a0\u00a0\u00a0\u00a0\u00a0\u00a0\u00a0\u00a0\u00a0\u00a0\u00a0\u00a0\u00a0\u00a0\u00a0\u00a0\u00a0\u00a0\u00a0\u00a0\u00a0\u00a0\u00a0\u00a0 2 stitch markers, 2 safety pins Material\/ Recommended yarn\u00a0\u00a0\u00a0\u00a0\u00a0\u00a0\u00a0\u00a0\u00a0\u00a0\u00a0\u00a0\u00a0\u00a0\u00a0\u00a0\u00a0\u00a0\u00a0\u00a0\u00a0\u00a0\u00a0\u00a0\u00a0\u00a0\u00a0\u00a0\u00a0\u00a0\u00a0\u00a0\u00a0\u00a0\u00a0\u00a0\u00a0 Rosy Green Wool, Cheeky Merino Joy (here in col. \u201ewave\u201c) Cardiff Cashmere Classic (here in col. 705) &nbsp;<\/p>","protected":false},"featured_media":9835,"comment_status":"open","ping_status":"closed","template":"","meta":{"_acf_changed":false},"product_brand":[],"product_cat":[99],"product_tag":[302,301,303,77],"class_list":{"0":"post-9820","1":"product","2":"type-product","3":"status-publish","4":"has-post-thumbnail","6":"product_cat-accessoires-strickdesigns","7":"product_tag-fingerless-mittens","8":"product_tag-handstulpen","9":"product_tag-mittens","10":"product_tag-startseite","11":"product_shipping_class-kostenfrei","13":"first","14":"instock","15":"downloadable","16":"taxable","17":"shipping-taxable","18":"purchasable","19":"product-type-simple"},"acf":[],"_links":{"self":[{"href":"https:\/\/kerstinritter-knits.de\/en\/wp-json\/wp\/v2\/product\/9820","targetHints":{"allow":["GET"]}}],"collection":[{"href":"https:\/\/kerstinritter-knits.de\/en\/wp-json\/wp\/v2\/product"}],"about":[{"href":"https:\/\/kerstinritter-knits.de\/en\/wp-json\/wp\/v2\/types\/product"}],"replies":[{"embeddable":true,"href":"https:\/\/kerstinritter-knits.de\/en\/wp-json\/wp\/v2\/comments?post=9820"}],"wp:featuredmedia":[{"embeddable":true,"href":"https:\/\/kerstinritter-knits.de\/en\/wp-json\/wp\/v2\/media\/9835"}],"wp:attachment":[{"href":"https:\/\/kerstinritter-knits.de\/en\/wp-json\/wp\/v2\/media?parent=9820"}],"wp:term":[{"taxonomy":"product_brand","embeddable":true,"href":"https:\/\/kerstinritter-knits.de\/en\/wp-json\/wp\/v2\/product_brand?post=9820"},{"taxonomy":"product_cat","embeddable":true,"href":"https:\/\/kerstinritter-knits.de\/en\/wp-json\/wp\/v2\/product_cat?post=9820"},{"taxonomy":"product_tag","embeddable":true,"href":"https:\/\/kerstinritter-knits.de\/en\/wp-json\/wp\/v2\/product_tag?post=9820"}],"curies":[{"name":"wp","href":"https:\/\/api.w.org\/{rel}","templated":true}]}}