{"id":993,"date":"2024-08-20T18:05:03","date_gmt":"2024-08-20T16:05:03","guid":{"rendered":"https:\/\/dev.kerstinritter-knits.de\/?post_type=product&#038;p=993"},"modified":"2026-04-06T21:44:28","modified_gmt":"2026-04-06T19:44:28","slug":"rosenquarz-reihenzaehler-7-teilig-mit-aufbewahrungsring","status":"publish","type":"product","link":"https:\/\/kerstinritter-knits.de\/en\/product\/rosenquarz-reihenzaehler-7-teilig-mit-aufbewahrungsring\/","title":{"rendered":"&#8222;Rosenquarz&#8220; Reihenz\u00e4hler, 7-teilig mit Aufbewahrungsring"},"content":{"rendered":"<p>7-teiliges Set Reihenz\u00e4hler \u201cRosenquarz\u201d mit kleinen Karabinern zum \u00d6ffnen an einem Aufbewahrungsring.<\/p>\n<p>Ihr k\u00f6nnt sie als Markierer in euer Strickst\u00fcck einh\u00e4ngen, um sp\u00e4ter eine bestimmte Stelle wieder zu finden oder ihr kennzeichnet z.B. die Abnahmen bei den \u00c4rmeln, damit der zweite gegengleich gestrickt wird. Es gibt noch viele weitere M\u00f6glichkeiten.<\/p>\n<p>Diese wundersch\u00f6nen Reihenz\u00e4hler werden mit viel Liebe und Handarbeit von meiner Tochter Maya selbst hergestellt.<\/p>\n<p>Passende Maschenmarkierer gibt es ebenfalls im Shop. Viel Spa\u00df beim St\u00f6bern.<\/p>","protected":false},"excerpt":{"rendered":"<p>7-teiliges Set Reihenz\u00e4hler \u201cRosenquarz\u201d mit kleinen Karabinern zum \u00d6ffnen an einem Aufbewahrungsring. Ihr k\u00f6nnt sie als Markierer in euer Strickst\u00fcck einh\u00e4ngen, um sp\u00e4ter eine bestimmte Stelle wieder zu finden oder ihr kennzeichnet z.B. die Abnahmen bei den \u00c4rmeln, damit der zweite gegengleich gestrickt wird. Es gibt noch viele weitere M\u00f6glichkeiten. Diese wundersch\u00f6nen Reihenz\u00e4hler werden mit viel Liebe und Handarbeit von meiner Tochter Maya selbst hergestellt. Passende Maschenmarkierer gibt es ebenfalls im Shop. Viel Spa\u00df beim St\u00f6bern.<\/p>","protected":false},"featured_media":990,"comment_status":"open","ping_status":"closed","template":"","meta":{"_acf_changed":false},"product_brand":[],"product_cat":[102,86],"product_tag":[],"class_list":{"0":"post-993","1":"product","2":"type-product","3":"status-publish","4":"has-post-thumbnail","6":"product_cat-reihenzaehler","7":"product_cat-strickzubehoer","8":"product_shipping_class-sonstiges","10":"first","11":"instock","12":"taxable","13":"shipping-taxable","14":"purchasable","15":"product-type-simple"},"acf":[],"_links":{"self":[{"href":"https:\/\/kerstinritter-knits.de\/en\/wp-json\/wp\/v2\/product\/993","targetHints":{"allow":["GET"]}}],"collection":[{"href":"https:\/\/kerstinritter-knits.de\/en\/wp-json\/wp\/v2\/product"}],"about":[{"href":"https:\/\/kerstinritter-knits.de\/en\/wp-json\/wp\/v2\/types\/product"}],"replies":[{"embeddable":true,"href":"https:\/\/kerstinritter-knits.de\/en\/wp-json\/wp\/v2\/comments?post=993"}],"wp:featuredmedia":[{"embeddable":true,"href":"https:\/\/kerstinritter-knits.de\/en\/wp-json\/wp\/v2\/media\/990"}],"wp:attachment":[{"href":"https:\/\/kerstinritter-knits.de\/en\/wp-json\/wp\/v2\/media?parent=993"}],"wp:term":[{"taxonomy":"product_brand","embeddable":true,"href":"https:\/\/kerstinritter-knits.de\/en\/wp-json\/wp\/v2\/product_brand?post=993"},{"taxonomy":"product_cat","embeddable":true,"href":"https:\/\/kerstinritter-knits.de\/en\/wp-json\/wp\/v2\/product_cat?post=993"},{"taxonomy":"product_tag","embeddable":true,"href":"https:\/\/kerstinritter-knits.de\/en\/wp-json\/wp\/v2\/product_tag?post=993"}],"curies":[{"name":"wp","href":"https:\/\/api.w.org\/{rel}","templated":true}]}}